{"id":545,"date":"2023-06-18T13:52:21","date_gmt":"2023-06-18T13:52:21","guid":{"rendered":"https:\/\/harmateam.eu\/croatia\/?page_id=545"},"modified":"2023-06-18T14:13:04","modified_gmt":"2023-06-18T14:13:04","slug":"our-process","status":"publish","type":"page","link":"https:\/\/harmateam.eu\/croatia\/hr\/our-process\/","title":{"rendered":"Na\u0161 Proces"},"content":{"rendered":"<div data-elementor-type=\"wp-page\" data-elementor-id=\"545\" class=\"elementor elementor-545\" data-elementor-post-type=\"page\">\n\t\t\t\t\t\t<section class=\"elementor-section elementor-top-section elementor-element elementor-element-ad7bea1 elementor-section-boxed elementor-section-height-default elementor-section-height-default\" data-id=\"ad7bea1\" data-element_type=\"section\">\n\t\t\t\t\t\t<div class=\"elementor-container elementor-column-gap-default\">\n\t\t\t\t\t<div class=\"elementor-column elementor-col-100 elementor-top-column elementor-element elementor-element-7bebdb3\" data-id=\"7bebdb3\" data-element_type=\"column\">\n\t\t\t<div class=\"elementor-widget-wrap elementor-element-populated\">\n\t\t\t\t\t\t<div class=\"elementor-element elementor-element-d156879 elementor-widget elementor-widget-htmega-working-process-addons\" data-id=\"d156879\" data-element_type=\"widget\" data-widget_type=\"htmega-working-process-addons.default\">\n\t\t\t\t<div class=\"elementor-widget-container\">\n\t\t\t        <div class=\"htmega-process-area htmega-process-style-3\">\n\n                            <div class=\"htmega-single-process-area\">\n                \n                        <div class=\"htmega-single-process\">\n                        <div class=\"icon\"><img fetchpriority=\"high\" decoding=\"async\" width=\"800\" height=\"450\" src=\"https:\/\/harmateam.eu\/croatia\/wp-content\/uploads\/2023\/06\/design-2.png\" class=\"attachment-large size-large wp-image-508\" alt=\"\" srcset=\"https:\/\/harmateam.eu\/croatia\/wp-content\/uploads\/2023\/06\/design-2.png 1024w, https:\/\/harmateam.eu\/croatia\/wp-content\/uploads\/2023\/06\/design-2-300x169.png 300w, https:\/\/harmateam.eu\/croatia\/wp-content\/uploads\/2023\/06\/design-2-768x432.png 768w, https:\/\/harmateam.eu\/croatia\/wp-content\/uploads\/2023\/06\/design-2-18x10.png 18w, https:\/\/harmateam.eu\/croatia\/wp-content\/uploads\/2023\/06\/design-2-500x281.png 500w, https:\/\/harmateam.eu\/croatia\/wp-content\/uploads\/2023\/06\/design-2-800x450.png 800w\" sizes=\"(max-width: 800px) 100vw, 800px\" \/><\/div>                                                <div class=\"htmega-content\">\n                            <h4>Dizajn<\/h4><p>Faza dizajna na\u0161eg procesa mo\u017eda je najva\u017enija, stoga je shva\u0107amo krajnje ozbiljno. Na\u0161i vrhunski arhitekti i in\u017eenjeri rade vi\u0161e od toga kako bi uzeli u obzir sve \u010dimbenike i poglede na va\u0161 projekt. Personaliziramo sve iznutra dok standardiziramo sve izvana. Imate izbor stilova i alternativa koje mo\u017eete odabrati s na\u0161im posebno razvijenim rje\u0161enjima vode\u0107ih arhitekata. U ovom trenutku imate mogu\u0107nost promijeniti ili pobolj\u0161ati svoje op\u0107e gra\u0111evinske standarde, dizajnirati vlastite tlocrte, odabrati opcije stiliziranja prozora i odlu\u010diti o boji, tepihu i kupaonskim elementima.<\/p>                        <\/div>\n                    <\/div>  \n                    \n                <\/div>\n                            <div class=\"htmega-single-process-area\">\n                \n                        <div class=\"htmega-single-process process-reverse\">\n                        <div class=\"icon\"><img decoding=\"async\" width=\"800\" height=\"450\" src=\"https:\/\/harmateam.eu\/croatia\/wp-content\/uploads\/2023\/06\/fabricate-2.jpg\" class=\"attachment-large size-large wp-image-509\" alt=\"\" srcset=\"https:\/\/harmateam.eu\/croatia\/wp-content\/uploads\/2023\/06\/fabricate-2.jpg 1024w, https:\/\/harmateam.eu\/croatia\/wp-content\/uploads\/2023\/06\/fabricate-2-300x169.jpg 300w, https:\/\/harmateam.eu\/croatia\/wp-content\/uploads\/2023\/06\/fabricate-2-768x432.jpg 768w, https:\/\/harmateam.eu\/croatia\/wp-content\/uploads\/2023\/06\/fabricate-2-18x10.jpg 18w, https:\/\/harmateam.eu\/croatia\/wp-content\/uploads\/2023\/06\/fabricate-2-500x281.jpg 500w, https:\/\/harmateam.eu\/croatia\/wp-content\/uploads\/2023\/06\/fabricate-2-800x450.jpg 800w\" sizes=\"(max-width: 800px) 100vw, 800px\" \/><\/div>                                                <div class=\"htmega-content\">\n                            <h4>Fabricirati<\/h4><p>Mi briljiramo u tome. Gradimo va\u0161u fantaziju korak po korak koriste\u0107i visokokvalificirane in\u017eenjere, vrhunski softver za izradu, razmatranja osiguranja kvalitete i preciznu opremu. Svaki je projekt u potpunosti izgra\u0111en prije nego \u0161to se napravi jedan rez, \u0161to nam omogu\u0107uje da projektiramo svaki detalj dizajna. Kada je 30 do 40 posto stambene jedinice prefabricirano u kona\u010dne gra\u0111evinske komponente koje zahtijevaju samo spajanje na licu mjesta, proces je zavr\u0161en. Proces zapo\u010dinjemo rezanjem samo najboljih komponenti drvenog okvira u na\u0161oj opremi za obradu, a zatim nastavljamo sastavljanjem i stapanjem tih komponenti u strukturu okvira i strojeve za okvire proizvodne linije.<\/p>                        <\/div>\n                    <\/div>  \n                    \n                <\/div>\n                            <div class=\"htmega-single-process-area\">\n                \n                        <div class=\"htmega-single-process\">\n                        <div class=\"icon\"><img decoding=\"async\" width=\"800\" height=\"450\" src=\"https:\/\/harmateam.eu\/croatia\/wp-content\/uploads\/2023\/06\/transport-2.jpg\" class=\"attachment-large size-large wp-image-510\" alt=\"\" srcset=\"https:\/\/harmateam.eu\/croatia\/wp-content\/uploads\/2023\/06\/transport-2.jpg 1024w, https:\/\/harmateam.eu\/croatia\/wp-content\/uploads\/2023\/06\/transport-2-300x169.jpg 300w, https:\/\/harmateam.eu\/croatia\/wp-content\/uploads\/2023\/06\/transport-2-768x432.jpg 768w, https:\/\/harmateam.eu\/croatia\/wp-content\/uploads\/2023\/06\/transport-2-18x10.jpg 18w, https:\/\/harmateam.eu\/croatia\/wp-content\/uploads\/2023\/06\/transport-2-500x281.jpg 500w, https:\/\/harmateam.eu\/croatia\/wp-content\/uploads\/2023\/06\/transport-2-800x450.jpg 800w\" sizes=\"(max-width: 800px) 100vw, 800px\" \/><\/div>                                                <div class=\"htmega-content\">\n                            <h4>Prijevoz<\/h4><p>Na\u0161 tim i na\u0161i strate\u0161ki partneri planiraju i provode prijevoz kori\u0161tenjem cestovnog, brodskog ili \u017eeljezni\u010dkog prijevoza. Unutar unaprijed odre\u0111enog vremenskog okvira, sve \u0107e jedinice sti\u0107i neo\u0161te\u0107ene na svoju kona\u010dnu lokaciju. Svaki modul se transportira na vlastiti kamion nakon \u0161to je va\u0161 dom izgra\u0111en. Osim toga, imamo sve potrebne alate za utovar i istovar kako bismo jam\u010dili da \u0107e va\u0161 projekt ostati to\u010dno onakav kakav je bio kad je donesen iz tvornice. Imamo odgovaraju\u0107e kamione, dizalice, vili\u010dare i vili\u010dare kako bismo osigurali da va\u0161a modularna ku\u0107a sigurno stigne na gradili\u0161te i da se istovari pomo\u0107u profesionalnih alata i opreme prema uputama na\u0161eg me\u0111unarodnog priru\u010dnika o kvaliteti.<\/p>                        <\/div>\n                    <\/div>  \n                    \n                <\/div>\n                            <div class=\"htmega-single-process-area\">\n                \n                        <div class=\"htmega-single-process process-reverse\">\n                        <div class=\"icon\"><img loading=\"lazy\" decoding=\"async\" width=\"800\" height=\"450\" src=\"https:\/\/harmateam.eu\/croatia\/wp-content\/uploads\/2023\/06\/assembly-2.jpg\" class=\"attachment-large size-large wp-image-511\" alt=\"\" srcset=\"https:\/\/harmateam.eu\/croatia\/wp-content\/uploads\/2023\/06\/assembly-2.jpg 1024w, https:\/\/harmateam.eu\/croatia\/wp-content\/uploads\/2023\/06\/assembly-2-300x169.jpg 300w, https:\/\/harmateam.eu\/croatia\/wp-content\/uploads\/2023\/06\/assembly-2-768x432.jpg 768w, https:\/\/harmateam.eu\/croatia\/wp-content\/uploads\/2023\/06\/assembly-2-18x10.jpg 18w, https:\/\/harmateam.eu\/croatia\/wp-content\/uploads\/2023\/06\/assembly-2-500x281.jpg 500w, https:\/\/harmateam.eu\/croatia\/wp-content\/uploads\/2023\/06\/assembly-2-800x450.jpg 800w\" sizes=\"(max-width: 800px) 100vw, 800px\" \/><\/div>                                                <div class=\"htmega-content\">\n                            <h4>Skup\u0161tina<\/h4><p>Svaka plo\u010da ili modul spajaju se zajedno tijekom faze sastavljanja kako bi se dodatno u\u010dvrstili na \u010dvrsti podrumski temelj tako da budu pripremljeni za dovr\u0161etak. Va\u0161 novi dom bit \u0107e dovr\u0161en u roku od tjedan dana, dana ili \u010dak sat vremena nakon \u0161to se moduli isporu\u010de na gradili\u0161te. Moduli su dovezeni na gradili\u0161te, gdje su ve\u0107 bili gotovi temelji ku\u0107e, kako bi se zapo\u010dela procedura postavljanja. Nakon \u0161to su moduli na svom kona\u010dnom mjestu nakon \u0161to ih je dizalica podigla, tim za unutarnje opremanje po\u010dinje s radom kako bi izvr\u0161io sve potrebne prilagodbe kako bi zadovoljio potrebe klijenta. <\/p>                        <\/div>\n                    <\/div>  \n                    \n                <\/div>\n            \n        <\/div>\n\n        \t\t<\/div>\n\t\t\t\t<\/div>\n\t\t\t\t\t<\/div>\n\t\t<\/div>\n\t\t\t\t\t<\/div>\n\t\t<\/section>\n\t\t\t\t<\/div>","protected":false},"excerpt":{"rendered":"<p>Design The design phase of our process is perhaps the most crucial, thus we take it extremely seriously. Our top architects and engineers go above and beyond to take all factors and views into account for your project. We personalize everything from the inside while standardizing everything from the exterior. You have a selection of [&hellip;]<\/p>","protected":false},"author":1,"featured_media":0,"parent":0,"menu_order":0,"comment_status":"closed","ping_status":"closed","template":"elementor_header_footer","meta":{"_eb_attr":"","_vp_format_video_url":"","_vp_image_focal_point":[],"footnotes":""},"class_list":["post-545","page","type-page","status-publish","hentry"],"_links":{"self":[{"href":"https:\/\/harmateam.eu\/croatia\/hr\/wp-json\/wp\/v2\/pages\/545","targetHints":{"allow":["GET"]}}],"collection":[{"href":"https:\/\/harmateam.eu\/croatia\/hr\/wp-json\/wp\/v2\/pages"}],"about":[{"href":"https:\/\/harmateam.eu\/croatia\/hr\/wp-json\/wp\/v2\/types\/page"}],"author":[{"embeddable":true,"href":"https:\/\/harmateam.eu\/croatia\/hr\/wp-json\/wp\/v2\/users\/1"}],"replies":[{"embeddable":true,"href":"https:\/\/harmateam.eu\/croatia\/hr\/wp-json\/wp\/v2\/comments?post=545"}],"version-history":[{"count":0,"href":"https:\/\/harmateam.eu\/croatia\/hr\/wp-json\/wp\/v2\/pages\/545\/revisions"}],"wp:attachment":[{"href":"https:\/\/harmateam.eu\/croatia\/hr\/wp-json\/wp\/v2\/media?parent=545"}],"curies":[{"name":"wp","href":"https:\/\/api.w.org\/{rel}","templated":true}]}}